{"id":53,"date":"2017-05-29T05:48:36","date_gmt":"2017-05-29T05:48:36","guid":{"rendered":"http:\/\/brandexponents.com\/oshin\/v31\/?page_id=53"},"modified":"2022-03-28T13:05:35","modified_gmt":"2022-03-28T10:05:35","slug":"about-us","status":"publish","type":"page","link":"https:\/\/masyaofis.com.tr\/en\/about-us\/","title":{"rendered":"About Us"},"content":{"rendered":"<div  class=\"tatsu-SyT2QoLJ5 tatsu-section    tatsu-clearfix\" data-title=\"\"  data-headerscheme=\"background--dark\"><div class='tatsu-section-pad clearfix' data-padding='{\"d\":\"260px 0px 90px 0px\"}' data-padding-top='260px'><div class=\"tatsu-row-wrap  tatsu-wrap tatsu-row-has-one-half tatsu-row-has-two-cols tatsu-medium-gutter tatsu-reg-cols  tatsu-clearfix tatsu-rkephXiU1q\" ><div  class=\"tatsu-row \" ><div  class=\"tatsu-column  tatsu-column-no-bg tatsu-one-half tatsu-column-align-middle tatsu-column-image-none tatsu-column-effect-none  tatsu-HJ-T2XoLJq\"  data-parallax-speed=\"0\" style=\"\"><div class=\"tatsu-column-inner \" ><div class=\"tatsu-column-pad-wrap\"><div class=\"tatsu-column-pad\" ><div  class=\"tatsu-single-image tatsu-module tatsu-HkGpnXsUJq  \" ><div class=\"tatsu-single-image-inner \" style=\"width : 3507px;\" ><div class = \"tatsu-single-image-padding-wrap\" style = \"padding-bottom : 70.715711434274%;\" ><\/div><img class = \"tatsu-gradient-border\" alt = \"\" title = \"castle ceviz-siyah-1-min\" src = \"https:\/\/masyaofis.com.tr\/en\/wp-content\/uploads\/2022\/03\/castle-ceviz-siyah-1-min.png\" \/><\/div><style>.tatsu-HkGpnXsUJq{margin: 0px 0px 0px 0px;}.tatsu-HkGpnXsUJq .tatsu-single-image-inner{border-style: solid;max-width: 100%;}.tatsu-HkGpnXsUJq.tatsu-single-image{transform: translate3d(0px,0px, 0);}<\/style><\/div><\/div><\/div><div class = \"tatsu-column-bg-image-wrap\"><div class = \"tatsu-column-bg-image\" ><\/div><\/div><\/div><style>.tatsu-row > .tatsu-HJ-T2XoLJq.tatsu-column{width: 50%;}.tatsu-HJ-T2XoLJq.tatsu-column > .tatsu-column-inner > .tatsu-column-overlay{mix-blend-mode: none;}.tatsu-HJ-T2XoLJq > .tatsu-column-inner > .tatsu-top-divider{z-index: 9999;}.tatsu-HJ-T2XoLJq > .tatsu-column-inner > .tatsu-bottom-divider{z-index: 9999;}.tatsu-HJ-T2XoLJq > .tatsu-column-inner > .tatsu-left-divider{z-index: 9999;}.tatsu-HJ-T2XoLJq > .tatsu-column-inner > .tatsu-right-divider{z-index: 9999;}@media only screen and (max-width: 767px) {.tatsu-row > .tatsu-HJ-T2XoLJq.tatsu-column{width: 100%;}}<\/style><\/div><div  class=\"tatsu-column  tatsu-column-no-bg tatsu-one-half tatsu-column-align-middle tatsu-column-image-none tatsu-column-effect-none  tatsu-SyXThmjIJ9\"  data-parallax-speed=\"0\" style=\"\"><div class=\"tatsu-column-inner \" ><div class=\"tatsu-column-pad-wrap\"><div class=\"tatsu-column-pad\" ><div  class=\"tatsu-module tatsu-inline-text clearfix tatsu-BymKRR9eq   \" ><style>.tatsu-BymKRR9eq .tatsu-inline-text-inner{width: 100%;text-align: left;}.tatsu-BymKRR9eq.tatsu-inline-text .tatsu-inline-text-inner *{font-family : \"Poppins\",-apple-system,BlinkMacSystemFont,'Segoe UI',Roboto,Oxygen-Sans,Ubuntu,Cantarell,'Helvetica Neue',sans-serif;text-transform : none;}<\/style><div class=\"tatsu-inline-text-inner tatsu-align-center\">\n<h5><strong>MASYA OFIS BURO MOBILYALARI SAN. TIC. LTD. STI.<\/strong><\/h5>\n<h3><strong>About Us<\/strong><\/h3>\n<p>The institutional history of MASYA dates back to the 1990s. In the process that started with the entry of Office Notte into the sector in 1995, many successes were achieved. Company; It opened a new page with its more dynamic, innovative, highly competitive and technology-oriented growth strategy and continues its activities without slowing down under the name of \u201cMASYA\u201d. MASYA; It evaluates its 25 years of experience, knowledge, production and marketing power, technological infrastructure, and most importantly, its quality with its customer potential. MASYA is far beyond being a company that only sells, exports and supplies what it produces, it directly participates in joint projects with its stakeholders in the furniture industry, undertakes responsibilities and works together. MASYA, with its experience gained in national and international projects, is to act together with our partners at every stage of production and assembly, both in design and technology.<\/p>\n<\/div><\/div><\/div><\/div><div class = \"tatsu-column-bg-image-wrap\"><div class = \"tatsu-column-bg-image\" ><\/div><\/div><\/div><style>.tatsu-row > .tatsu-SyXThmjIJ9.tatsu-column{width: 50%;}.tatsu-SyXThmjIJ9.tatsu-column > .tatsu-column-inner > .tatsu-column-overlay{mix-blend-mode: none;}.tatsu-SyXThmjIJ9 > .tatsu-column-inner > .tatsu-top-divider{z-index: 9999;}.tatsu-SyXThmjIJ9 > .tatsu-column-inner > .tatsu-bottom-divider{z-index: 9999;}.tatsu-SyXThmjIJ9 > .tatsu-column-inner > .tatsu-left-divider{z-index: 9999;}.tatsu-SyXThmjIJ9 > .tatsu-column-inner > .tatsu-right-divider{z-index: 9999;}@media only screen and (max-width: 767px) {.tatsu-row > .tatsu-SyXThmjIJ9.tatsu-column{width: 100%;}}<\/style><\/div><\/div><\/div><\/div><div class=\"tatsu-section-background-wrap\"><div class = \"tatsu-section-background\" ><\/div><\/div><style>.tatsu-SyT2QoLJ5.tatsu-section{background-color: rgba(255,255,255,1);}.tatsu-SyT2QoLJ5 .tatsu-section-pad{padding: 260px 0px 90px 0px;}.tatsu-SyT2QoLJ5 > .tatsu-bottom-divider{z-index: 9999;}.tatsu-SyT2QoLJ5 > .tatsu-top-divider{z-index: 9999;}<\/style><\/div><div  class=\"tatsu-Hydo605e9 tatsu-section    tatsu-clearfix\" data-title=\"\"  data-headerscheme=\"background--dark\"><div class='tatsu-section-pad clearfix' data-padding='{\"d\":\"148px 0px 90px 0px\"}' data-padding-top='148px'><div class=\"tatsu-row-wrap  tatsu-wrap tatsu-row-has-three-cols tatsu-medium-gutter tatsu-reg-cols  tatsu-clearfix tatsu-H1xO2605gq\" ><div  class=\"tatsu-row \" ><div  class=\"tatsu-column  tatsu-bg-overlay tatsu-one-third tatsu-column-image-none tatsu-column-effect-none  tatsu-Sy-p6R9e9\"  data-parallax-speed=\"0\" style=\"\"><div class=\"tatsu-column-inner \" ><div class=\"tatsu-column-pad-wrap\"><div class=\"tatsu-column-pad\" ><div  class=\"tatsu-module tatsu-inline-text clearfix tatsu-B146nXo8yq   \" ><style>.tatsu-B146nXo8yq .tatsu-inline-text-inner{width: 100%;text-align: left;}.tatsu-B146nXo8yq.tatsu-inline-text .tatsu-inline-text-inner *{font-family : \"Poppins\",-apple-system,BlinkMacSystemFont,'Segoe UI',Roboto,Oxygen-Sans,Ubuntu,Cantarell,'Helvetica Neue',sans-serif;text-transform : none;}<\/style><div class=\"tatsu-inline-text-inner tatsu-align-center\">\n<h3 style=\"text-align: left;\"><span style=\"color: #242424;\"><strong>OUR VISION<\/strong><\/span><\/h3>\n<p>Sadece, firmalar\u0131m\u0131z\u0131 partnerlerimizi de\u011fil \u00fclkemizi ba\u015far\u0131ya ta\u015f\u0131yacak kollektif g\u00fcc\u00fcn, milli \u00fcretimin, ihracat\u0131n, uluslararas\u0131 rekabetin, yenili\u011fin hep canl\u0131 kalmas\u0131n\u0131 sa\u011flamak, bu de\u011ferler do\u011frultusunda AR-GE odakl\u0131 bir strateji izlemektir. T\u00fcrkiye\u2019de kalitesine en \u00e7ok g\u00fcvenilen, yenilik\u00e7i tasar\u0131mlar\u0131 en \u00e7ok tercih edilen marka olmakt\u0131r.<\/p>\n<\/div><\/div><\/div><\/div><div class = \"tatsu-column-bg-image-wrap\"><div class = \"tatsu-column-bg-image\" ><\/div><\/div><div class=\"tatsu-overlay tatsu-column-overlay tatsu-animate-none\" ><\/div><\/div><style>.tatsu-row > .tatsu-Sy-p6R9e9.tatsu-column{width: 33.33%;}.tatsu-Sy-p6R9e9.tatsu-column > .tatsu-column-inner > .tatsu-column-overlay{mix-blend-mode: normal;}.tatsu-Sy-p6R9e9 > .tatsu-column-inner > .tatsu-top-divider{z-index: 9999;}.tatsu-Sy-p6R9e9 > .tatsu-column-inner > .tatsu-bottom-divider{z-index: 9999;}.tatsu-Sy-p6R9e9 > .tatsu-column-inner > .tatsu-left-divider{z-index: 9999;}.tatsu-Sy-p6R9e9 > .tatsu-column-inner > .tatsu-right-divider{z-index: 9999;}@media only screen and (max-width:1377px) {.tatsu-row > .tatsu-Sy-p6R9e9.tatsu-column{width: 33.33%;}}@media only screen and (min-width:768px) and (max-width: 1024px) {.tatsu-row > .tatsu-Sy-p6R9e9.tatsu-column{width: 33.33%;}}@media only screen and (max-width: 767px) {.tatsu-row > .tatsu-Sy-p6R9e9.tatsu-column{width: 100%;}}<\/style><\/div><div  class=\"tatsu-column  tatsu-bg-overlay tatsu-one-third tatsu-column-image-none tatsu-column-effect-none  tatsu-rylbTTCcg5\"  data-parallax-speed=\"0\" style=\"\"><div class=\"tatsu-column-inner \" ><div class=\"tatsu-column-pad-wrap\"><div class=\"tatsu-column-pad\" ><div  class=\"tatsu-module tatsu-inline-text clearfix tatsu-S1ch0Cql5   \" ><style>.tatsu-S1ch0Cql5 .tatsu-inline-text-inner{width: 100%;text-align: left;}.tatsu-S1ch0Cql5.tatsu-inline-text .tatsu-inline-text-inner *{font-family : \"Poppins\",-apple-system,BlinkMacSystemFont,'Segoe UI',Roboto,Oxygen-Sans,Ubuntu,Cantarell,'Helvetica Neue',sans-serif;text-transform : none;}<\/style><div class=\"tatsu-inline-text-inner tatsu-align-center\">\n<h3 style=\"text-align: left;\"><span style=\"color: #242424;\"><strong>OUR MISSION<\/strong><\/span><\/h3>\n<p>MASYA, \u00fcretti\u011fi, pazarlad\u0131\u011f\u0131 \u00fcr\u00fcnlerin, kalitesinden asla \u00f6d\u00fcn vermemektedir. M\u00fc\u015fterilerimizle ya\u015fam boyu devam edecek, g\u00fcvene dayal\u0131 ortakl\u0131klar kurmakt\u0131r. Kar\u015f\u0131l\u0131kl\u0131 sayg\u0131yla hep dayan\u0131\u015fma i\u00e7inde olmak, deneyimleri payla\u015fmak \u00f6ncelikli hedefimizdir.<\/p>\n<\/div><\/div><\/div><\/div><div class = \"tatsu-column-bg-image-wrap\"><div class = \"tatsu-column-bg-image\" ><\/div><\/div><div class=\"tatsu-overlay tatsu-column-overlay tatsu-animate-none\" ><\/div><\/div><style>.tatsu-row > .tatsu-rylbTTCcg5.tatsu-column{width: 33.33%;}.tatsu-rylbTTCcg5.tatsu-column > .tatsu-column-inner > .tatsu-column-overlay{mix-blend-mode: normal;}.tatsu-rylbTTCcg5 > .tatsu-column-inner > .tatsu-top-divider{z-index: 9999;}.tatsu-rylbTTCcg5 > .tatsu-column-inner > .tatsu-bottom-divider{z-index: 9999;}.tatsu-rylbTTCcg5 > .tatsu-column-inner > .tatsu-left-divider{z-index: 9999;}.tatsu-rylbTTCcg5 > .tatsu-column-inner > .tatsu-right-divider{z-index: 9999;}@media only screen and (max-width:1377px) {.tatsu-row > .tatsu-rylbTTCcg5.tatsu-column{width: 33.33%;}}@media only screen and (min-width:768px) and (max-width: 1024px) {.tatsu-row > .tatsu-rylbTTCcg5.tatsu-column{width: 33.33%;}}@media only screen and (max-width: 767px) {.tatsu-row > .tatsu-rylbTTCcg5.tatsu-column{width: 100%;}}<\/style><\/div><div  class=\"tatsu-column  tatsu-bg-overlay tatsu-one-third tatsu-column-image-none tatsu-column-effect-none  tatsu-rJW-ppA9l9\"  data-parallax-speed=\"0\" style=\"\"><div class=\"tatsu-column-inner \" ><div class=\"tatsu-column-pad-wrap\"><div class=\"tatsu-column-pad\" ><div  class=\"tatsu-module tatsu-inline-text clearfix tatsu-ryBIZJolc   \" ><style>.tatsu-ryBIZJolc .tatsu-inline-text-inner{width: 100%;text-align: left;}.tatsu-ryBIZJolc.tatsu-inline-text .tatsu-inline-text-inner *{font-family : \"Poppins\",-apple-system,BlinkMacSystemFont,'Segoe UI',Roboto,Oxygen-Sans,Ubuntu,Cantarell,'Helvetica Neue',sans-serif;text-transform : none;}<\/style><div class=\"tatsu-inline-text-inner tatsu-align-center\">\n<h3 style=\"text-align: left;\"><strong>Our Values<\/strong><\/h3>\n<\/div><\/div><div  class=\" tatsu-module tatsu-typed-text-wrap tatsu-HyjebJil5 h4   \" data-rotate-text=\"To be respectful to knowledge and effort, To give priority to investment in R&amp;D that is open to innovations, To do the promised work on time, To be transparent, consistent, honest and principled in production and marketing, To share all our friends in success stories by giving importance to group work that will increase our corporate performance, By taking the necessary measures to keep our environment clean, not to allow anything that will pollute the air, water and soil\u2026\" data-loop-text=\"1\" data-typed-text-id=\"tatsu-typed-textHyjebJil5\"  ><style>.tatsu-HyjebJil5 .tatsu-typed-rotated-text{color: rgba(74,74,74,1) ;}.tatsu-HyjebJil5.tatsu-typed-text-wrap{color: #000000 ;text-align: left;margin: 0px 0px 30px 0px;}<\/style>MASYA at the beginning of your defense, care; <span id=\"tatsu-typed-textHyjebJil5\" class =\"tatsu-typed-rotated-text\"><\/span><span class = \"tatsu-typed-text-cursor\">|<\/span> comes.<\/div><\/div><\/div><div class = \"tatsu-column-bg-image-wrap\"><div class = \"tatsu-column-bg-image\" ><\/div><\/div><div class=\"tatsu-overlay tatsu-column-overlay tatsu-animate-none\" ><\/div><\/div><style>.tatsu-row > .tatsu-rJW-ppA9l9.tatsu-column{width: 33.33%;}.tatsu-rJW-ppA9l9.tatsu-column > .tatsu-column-inner > .tatsu-column-overlay{mix-blend-mode: normal;}.tatsu-rJW-ppA9l9 > .tatsu-column-inner > .tatsu-top-divider{z-index: 9999;}.tatsu-rJW-ppA9l9 > .tatsu-column-inner > .tatsu-bottom-divider{z-index: 9999;}.tatsu-rJW-ppA9l9 > .tatsu-column-inner > .tatsu-left-divider{z-index: 9999;}.tatsu-rJW-ppA9l9 > .tatsu-column-inner > .tatsu-right-divider{z-index: 9999;}@media only screen and (max-width:1377px) {.tatsu-row > .tatsu-rJW-ppA9l9.tatsu-column{width: 33.33%;}}@media only screen and (min-width:768px) and (max-width: 1024px) {.tatsu-row > .tatsu-rJW-ppA9l9.tatsu-column{width: 33.33%;}}@media only screen and (max-width: 767px) {.tatsu-row > .tatsu-rJW-ppA9l9.tatsu-column{width: 100%;}}<\/style><\/div><\/div><\/div><\/div><div class=\"tatsu-section-background-wrap\"><div class = \"tatsu-section-background\" ><\/div><\/div><style>.tatsu-Hydo605e9.tatsu-section{background-color: rgba(255,255,255,1);}.tatsu-Hydo605e9 .tatsu-section-pad{padding: 148px 0px 90px 0px;}.tatsu-Hydo605e9 > .tatsu-bottom-divider{z-index: 9999;}.tatsu-Hydo605e9 > .tatsu-top-divider{z-index: 9999;}<\/style><\/div><div  class=\"tatsu-HkW0XGo8Jq tatsu-section  tatsu-bg-overlay   tatsu-clearfix\" data-title=\"\"  data-headerscheme=\"background--dark\"><div class='tatsu-section-pad clearfix' data-padding='{\"d\":\"110px 0px 90px 0px\"}' data-padding-top='110px'><div class=\"tatsu-row-wrap  tatsu-wrap tatsu-row-one-col tatsu-row-has-one-cols tatsu-medium-gutter tatsu-reg-cols  tatsu-clearfix tatsu-rJe0XfoIyq\" ><div  class=\"tatsu-row \" ><div  class=\"tatsu-column  tatsu-bg-overlay tatsu-one-col tatsu-column-image-none tatsu-column-effect-none  tatsu-BJ07Ms815\"  data-parallax-speed=\"0\" style=\"\"><div class=\"tatsu-column-inner \" ><div class=\"tatsu-column-pad-wrap\"><div class=\"tatsu-column-pad\" ><div  class=\"tatsu-HJWlFGiL1c testimonials_wrap oshine-module\"  ><div class=\"testimonials-slides\"><div class=\"clearfix testimonial_module slides center-content\" data-slide-show=\"1\" data-slide-show-speed=\"4000\" data-slide-animation-type=\"slide\" data-pagination=\"0\"><div class=\"testimonial_slide slide clearfix tatsu-BkexFzsIkq\"><div class=\"testimonial_slide_inner\"><i class=\"font-icon icon-quote\" ><\/i><div class=\"testimonial-content\">\n<p>For Qualified Offices&#8230;<\/p>\n<\/div><div class=\"testimonial-author-info-wrap clearfix\"><div class=\"testimonial-author-info\"><\/div><\/div><\/div><\/div><\/div><\/div><style>.tatsu-HJWlFGiL1c .testimonial-content{font-size: 22px;}<\/style><\/div><\/div><\/div><div class = \"tatsu-column-bg-image-wrap\"><div class = \"tatsu-column-bg-image\" ><\/div><\/div><div class=\"tatsu-overlay tatsu-column-overlay tatsu-animate-none\" ><\/div><\/div><style>.tatsu-row > .tatsu-BJ07Ms815.tatsu-column{width: 100%;}.tatsu-BJ07Ms815.tatsu-column > .tatsu-column-inner > .tatsu-column-overlay{mix-blend-mode: normal;}.tatsu-BJ07Ms815 > .tatsu-column-inner > .tatsu-top-divider{z-index: 9999;}.tatsu-BJ07Ms815 > .tatsu-column-inner > .tatsu-bottom-divider{z-index: 9999;}.tatsu-BJ07Ms815 > .tatsu-column-inner > .tatsu-left-divider{z-index: 9999;}.tatsu-BJ07Ms815 > .tatsu-column-inner > .tatsu-right-divider{z-index: 9999;}@media only screen and (max-width:1377px) {.tatsu-row > .tatsu-BJ07Ms815.tatsu-column{width: 100%;}}@media only screen and (min-width:768px) and (max-width: 1024px) {.tatsu-row > .tatsu-BJ07Ms815.tatsu-column{width: 100%;}}@media only screen and (max-width: 767px) {.tatsu-row > .tatsu-BJ07Ms815.tatsu-column{width: 100%;}}<\/style><\/div><\/div><\/div><\/div><div class=\"tatsu-section-background-wrap\"><div class = \"tatsu-section-background\" ><\/div><\/div><div class=\"tatsu-overlay tatsu-section-overlay\"><\/div><style>.tatsu-HkW0XGo8Jq .tatsu-section-pad{padding: 110px 0px 90px 0px;}.tatsu-HkW0XGo8Jq .tatsu-section-offset-wrap{transform: translateY(-0px);}.tatsu-HkW0XGo8Jq > .tatsu-bottom-divider{z-index: 9999;}.tatsu-HkW0XGo8Jq > .tatsu-top-divider{z-index: 9999;}.tatsu-HkW0XGo8Jq .tatsu-section-overlay{mix-blend-mode: normal;}<\/style><\/div><div  class=\"tatsu-gzv518aekp88rxz tatsu-section  tatsu-bg-overlay   tatsu-clearfix\" data-title=\"\"  data-headerscheme=\"background--dark\"><div class='tatsu-section-pad clearfix' data-padding='{\"d\":\"0px 0px 0px 0px\"}' data-padding-top='0px'><div class=\"tatsu-row-wrap  tatsu-wrap tatsu-row-one-col tatsu-row-has-one-cols tatsu-medium-gutter tatsu-reg-cols  tatsu-clearfix tatsu-gzv518aeq1fsw51d\" ><div  class=\"tatsu-row \" ><div  class=\"tatsu-column  tatsu-bg-overlay tatsu-one-col tatsu-column-image-none tatsu-column-effect-none  tatsu-gzv518aewocab0vb\"  data-parallax-speed=\"0\" style=\"\"><div class=\"tatsu-column-inner \" ><div class=\"tatsu-column-pad-wrap\"><div class=\"tatsu-column-pad\" ><div  class=\"tatsu-module tatsu-icon-group tatsu-gzv518af1pbq0rtj  \"  ><style>.tatsu-gzv518af1pbq0rtj.tatsu-icon-group{text-align: center;margin: 8px 0px 20px 0px;}<\/style><div  class=\"tatsu-module tatsu-normal-icon tatsu-icon-shortcode align-none tatsu-gzv518agpz8klyqf   \"><style>.tatsu-gzv518agpz8klyqf .tatsu-icon{color: #000000 ;}.tatsu-gzv518agpz8klyqf .tatsu-icon:hover{color: rgba(155,155,155,1) ;}.tatsu-gzv518agpz8klyqf{border-width: 0px 0px 0px 0px;}<\/style><a href=\"https:\/\/www.facebook.com\/masyaofis\"  class=\"tatsu-icon-wrap plain  tatsu-animate    \" data-animation=\"fadeIn\"   aria-label=\"icon-social_facebook\" data-gdpr-atts={}  target=\"_blank\" ><i class=\"tatsu-icon tatsu-custom-icon tatsu-custom-icon-class icon-social_facebook small plain\"><\/i><\/a><\/div><div  class=\"tatsu-module tatsu-normal-icon tatsu-icon-shortcode align-none tatsu-gzv518ahggedbsf0   \"><style>.tatsu-gzv518ahggedbsf0 .tatsu-icon{color: #000000 ;}.tatsu-gzv518ahggedbsf0 .tatsu-icon:hover{color: rgba(155,155,155,1) ;}.tatsu-gzv518ahggedbsf0{border-width: 0px 0px 0px 0px;}<\/style><a href=\"https:\/\/www.instagram.com\/masyaofis\"  class=\"tatsu-icon-wrap plain  tatsu-animate    \" data-animation=\"fadeIn\"   aria-label=\"icon-instagram\" data-gdpr-atts={}  target=\"_blank\" ><i class=\"tatsu-icon tatsu-custom-icon tatsu-custom-icon-class icon-instagram small plain\"><\/i><\/a><\/div><\/div><\/div><\/div><div class = \"tatsu-column-bg-image-wrap\"><div class = \"tatsu-column-bg-image\" ><\/div><\/div><div class=\"tatsu-overlay tatsu-column-overlay tatsu-animate-none\" ><\/div><\/div><style>.tatsu-row > .tatsu-gzv518aewocab0vb.tatsu-column{width: 100%;}.tatsu-gzv518aewocab0vb.tatsu-column > .tatsu-column-inner > .tatsu-column-overlay{mix-blend-mode: normal;}.tatsu-gzv518aewocab0vb > .tatsu-column-inner > .tatsu-top-divider{z-index: 9999;}.tatsu-gzv518aewocab0vb > .tatsu-column-inner > .tatsu-bottom-divider{z-index: 9999;}.tatsu-gzv518aewocab0vb > .tatsu-column-inner > .tatsu-left-divider{z-index: 9999;}.tatsu-gzv518aewocab0vb > .tatsu-column-inner > .tatsu-right-divider{z-index: 9999;}@media only screen and (max-width:1377px) {.tatsu-row > .tatsu-gzv518aewocab0vb.tatsu-column{width: 100%;}}@media only screen and (min-width:768px) and (max-width: 1024px) {.tatsu-row > .tatsu-gzv518aewocab0vb.tatsu-column{width: 100%;}}@media only screen and (max-width: 767px) {.tatsu-row > .tatsu-gzv518aewocab0vb.tatsu-column{width: 100%;}}<\/style><\/div><\/div><\/div><\/div><div class=\"tatsu-section-background-wrap\"><div class = \"tatsu-section-background\" ><\/div><\/div><div class=\"tatsu-overlay tatsu-section-overlay\"><\/div><style>.tatsu-gzv518aekp88rxz .tatsu-section-offset-wrap{transform: translateY(-0px);}.tatsu-gzv518aekp88rxz > .tatsu-bottom-divider{z-index: 9999;}.tatsu-gzv518aekp88rxz > .tatsu-top-divider{z-index: 9999;}.tatsu-gzv518aekp88rxz .tatsu-section-overlay{mix-blend-mode: normal;}<\/style><\/div>\n","protected":false},"excerpt":{"rendered":"<p><a href=\"https:\/\/masyaofis.com.tr\/en\/about-us\/\" class=\"more-link style2-button\">Read More<\/a><\/p>","protected":false},"author":1,"featured_media":0,"parent":0,"menu_order":0,"comment_status":"closed","ping_status":"closed","template":"","meta":[],"_links":{"self":[{"href":"https:\/\/masyaofis.com.tr\/en\/wp-json\/wp\/v2\/pages\/53"}],"collection":[{"href":"https:\/\/masyaofis.com.tr\/en\/wp-json\/wp\/v2\/pages"}],"about":[{"href":"https:\/\/masyaofis.com.tr\/en\/wp-json\/wp\/v2\/types\/page"}],"author":[{"embeddable":true,"href":"https:\/\/masyaofis.com.tr\/en\/wp-json\/wp\/v2\/users\/1"}],"replies":[{"embeddable":true,"href":"https:\/\/masyaofis.com.tr\/en\/wp-json\/wp\/v2\/comments?post=53"}],"version-history":[{"count":16,"href":"https:\/\/masyaofis.com.tr\/en\/wp-json\/wp\/v2\/pages\/53\/revisions"}],"predecessor-version":[{"id":4019,"href":"https:\/\/masyaofis.com.tr\/en\/wp-json\/wp\/v2\/pages\/53\/revisions\/4019"}],"wp:attachment":[{"href":"https:\/\/masyaofis.com.tr\/en\/wp-json\/wp\/v2\/media?parent=53"}],"curies":[{"name":"wp","href":"https:\/\/api.w.org\/{rel}","templated":true}]}}